{"id":31,"date":"2021-02-10T16:12:43","date_gmt":"2021-02-10T15:12:43","guid":{"rendered":"http:\/\/wordpress.p576880.webspaceconfig.de\/?page_id=31"},"modified":"2021-09-08T12:41:33","modified_gmt":"2021-09-08T10:41:33","slug":"ueber-uns","status":"publish","type":"page","link":"https:\/\/kama-klebetechnik.de\/?page_id=31","title":{"rendered":"\u00dcber uns"},"content":{"rendered":"<p>[et_pb_section fb_built=&#8220;1&#8243; disabled_on=&#8220;off|off|off&#8220; admin_label=&#8220;Header Section&#8220; _builder_version=&#8220;4.9.0&#8243; use_background_color_gradient=&#8220;on&#8220; background_color_gradient_start=&#8220;rgba(20,61,88,0.65)&#8220; background_color_gradient_end=&#8220;#143d58&#8243; background_color_gradient_overlays_image=&#8220;on&#8220; background_image=&#8220;https:\/\/kama-klebetechnik.de\/wp-content\/uploads\/2021\/05\/Top-Slider-Start-GA-EV-e1620382897628.jpg&#8220; custom_margin=&#8220;|||&#8220; custom_padding=&#8220;6vw|0px|6vw|0px&#8220; bottom_divider_style=&#8220;mountains2&#8243; bottom_divider_color=&#8220;rgba(5,41,66,0.3)&#8220; bottom_divider_height=&#8220;20vw&#8220; animation_style=&#8220;slide&#8220; animation_direction=&#8220;top&#8220; animation_intensity_slide=&#8220;3%&#8220; animation_starting_opacity=&#8220;100%&#8220;][et_pb_row disabled_on=&#8220;off|off|off&#8220; module_class=&#8220; et_pb_row_fullwidth&#8220; _builder_version=&#8220;3.25&#8243; width=&#8220;89%&#8220; width_tablet=&#8220;80%&#8220; width_phone=&#8220;&#8220; width_last_edited=&#8220;on|desktop&#8220; max_width=&#8220;89%&#8220; max_width_tablet=&#8220;80%&#8220; max_width_phone=&#8220;&#8220; max_width_last_edited=&#8220;on|desktop&#8220; custom_padding=&#8220;|||&#8220; make_fullwidth=&#8220;on&#8220;][et_pb_column type=&#8220;4_4&#8243; _builder_version=&#8220;3.25&#8243; custom_padding=&#8220;|||&#8220; custom_padding__hover=&#8220;|||&#8220;][et_pb_text disabled_on=&#8220;off|off|off&#8220; _builder_version=&#8220;4.9.0&#8243; text_font=&#8220;Montserrat||||||||&#8220; text_font_size=&#8220;22px&#8220; text_line_height=&#8220;1.8em&#8220; header_font=&#8220;Montserrat|600||on|||||&#8220; header_text_align=&#8220;center&#8220; header_font_size=&#8220;8vw&#8220; header_line_height=&#8220;1.5em&#8220; text_orientation=&#8220;center&#8220; background_layout=&#8220;dark&#8220; custom_margin=&#8220;|||&#8220; header_font_size_tablet=&#8220;50px&#8220; header_font_size_phone=&#8220;&#8220; header_font_size_last_edited=&#8220;on|desktop&#8220; header_line_height_tablet=&#8220;1.1em&#8220; header_line_height_phone=&#8220;1.2em&#8220; header_line_height_last_edited=&#8220;off|desktop&#8220;]<\/p>\n<h1>\u00dcber uns<\/h1>\n<p>Geschichte. Trennstreifen. Service seit 2000.<\/p>\n<p>[\/et_pb_text][et_pb_button button_url=&#8220;https:\/\/kama-klebetechnik.de\/?page_id=58&#8243; button_text=&#8220;Zur Anfrage&#8220; button_alignment=&#8220;center&#8220; _builder_version=&#8220;4.9.0&#8243; custom_button=&#8220;on&#8220; button_text_size=&#8220;14px&#8220; button_text_color=&#8220;#ffffff&#8220; button_bg_color=&#8220;#f6961b&#8220; button_border_width=&#8220;12px&#8220; button_border_color=&#8220;#f6961b&#8220; button_border_radius=&#8220;2px&#8220; button_letter_spacing=&#8220;0px&#8220; button_font=&#8220;Montserrat|700||on|||||&#8220; custom_margin=&#8220;30px|||&#8220; custom_padding=&#8220;|||&#8220; button_border_radius_hover=&#8220;4px&#8220; button_text_size__hover_enabled=&#8220;off&#8220; button_one_text_size__hover_enabled=&#8220;off&#8220; button_two_text_size__hover_enabled=&#8220;off&#8220; button_text_color__hover_enabled=&#8220;off&#8220; button_one_text_color__hover_enabled=&#8220;off&#8220; button_two_text_color__hover_enabled=&#8220;off&#8220; button_border_width__hover_enabled=&#8220;off&#8220; button_one_border_width__hover_enabled=&#8220;off&#8220; button_two_border_width__hover_enabled=&#8220;off&#8220; button_border_color__hover_enabled=&#8220;off&#8220; button_one_border_color__hover_enabled=&#8220;off&#8220; button_two_border_color__hover_enabled=&#8220;off&#8220; button_border_radius__hover_enabled=&#8220;on&#8220; button_border_radius__hover=&#8220;4px&#8220; button_one_border_radius__hover_enabled=&#8220;off&#8220; button_two_border_radius__hover_enabled=&#8220;off&#8220; button_letter_spacing__hover_enabled=&#8220;off&#8220; button_one_letter_spacing__hover_enabled=&#8220;off&#8220; button_two_letter_spacing__hover_enabled=&#8220;off&#8220; button_bg_color__hover_enabled=&#8220;off&#8220; button_one_bg_color__hover_enabled=&#8220;off&#8220; button_two_bg_color__hover_enabled=&#8220;off&#8220;][\/et_pb_button][\/et_pb_column][\/et_pb_row][\/et_pb_section][et_pb_section fb_built=&#8220;1&#8243; admin_label=&#8220;CEO Quote Section&#8220; _builder_version=&#8220;3.22&#8243; custom_padding=&#8220;100px|0px|100px|0px&#8220;][et_pb_row admin_label=&#8220;CEO Quote Row&#8220; _builder_version=&#8220;3.25&#8243;][et_pb_column type=&#8220;4_4&#8243; _builder_version=&#8220;3.25&#8243; custom_padding=&#8220;|||&#8220; custom_padding__hover=&#8220;|||&#8220;][et_pb_blurb title=&#8220;Andreas Hahn&#8220; image=&#8220;https:\/\/kama-klebetechnik.de\/wp-content\/uploads\/2021\/05\/Andreas-Hahn-EV-original-Ausschnitt-Kopf.jpg&#8220; image_max_width=&#8220;50px&#8220; admin_label=&#8220;Client Info &#038; Avatar&#8220; _builder_version=&#8220;4.9.0&#8243; header_font=&#8220;Montserrat||||||||&#8220; header_line_height=&#8220;1.5em&#8220; body_font=&#8220;Montserrat||||||||&#8220; text_orientation=&#8220;center&#8220; animation_style=&#8220;slide&#8220; animation_direction=&#8220;top&#8220; animation_intensity_slide=&#8220;10%&#8220; border_radii_image=&#8220;on|100px|100px|100px|100px&#8220; box_shadow_style_image=&#8220;preset3&#8243; locked=&#8220;off&#8220;]<\/p>\n<p>Inhaber<\/p>\n<p>[\/et_pb_blurb][et_pb_text admin_label=&#8220;CEO Quote&#8220; _builder_version=&#8220;4.9.0&#8243; text_font=&#8220;Montserrat||||||||&#8220; text_font_size=&#8220;21px&#8220; text_line_height=&#8220;1.6em&#8220; header_font=&#8220;||||||||&#8220; header_4_font=&#8220;||||||||&#8220; text_orientation=&#8220;center&#8220; max_width=&#8220;700px&#8220; module_alignment=&#8220;center&#8220; custom_margin=&#8220;|||&#8220; custom_padding=&#8220;|||&#8220;]<\/p>\n<p>&#8222;Zufriedene Kunden sind uns sehr wichtig. Deswegen legen wir Wert auf Qualit\u00e4t und Zuverl\u00e4ssigkeit. Seit mehr als 20 Jahren sind wir Partner f\u00fcr den Bereich Maler \u2013 Stuck und Trockenbau!&#8220;<\/p>\n<p>[\/et_pb_text][\/et_pb_column][\/et_pb_row][\/et_pb_section][et_pb_section fb_built=&#8220;1&#8243; use_custom_gutter=&#8220;on&#8220; padding_top_1=&#8220;0px&#8220; padding_top_2=&#8220;80px&#8220; padding_right_2=&#8220;10%&#8220; padding_bottom_2=&#8220;0px&#8220; padding_2_tablet=&#8220;0px|||10%&#8220; padding_2_phone=&#8220;|||&#8220; _builder_version=&#8220;3.22&#8243; background_color_gradient_direction=&#8220;90deg&#8220; custom_margin=&#8220;|||&#8220; custom_margin_tablet=&#8220;80px|80px|80px|80px&#8220; custom_margin_last_edited=&#8220;off|desktop&#8220; custom_padding=&#8220;120px|0px|120px|0px&#8220; animation_style=&#8220;slide&#8220; animation_direction=&#8220;left&#8220; animation_intensity_slide=&#8220;1%&#8220; use_custom_width=&#8220;on&#8220; width_unit=&#8220;off&#8220; custom_width_percent=&#8220;100%&#8220;][et_pb_row column_structure=&#8220;1_2,1_2&#8243; _builder_version=&#8220;3.25&#8243; width=&#8220;100%&#8220; max_width=&#8220;100%&#8220; custom_padding=&#8220;27px|0|0px|0px&#8220; use_custom_width=&#8220;on&#8220; width_unit=&#8220;off&#8220; custom_width_percent=&#8220;100%&#8220;][et_pb_column type=&#8220;1_2&#8243; _builder_version=&#8220;3.25&#8243; custom_padding=&#8220;|||&#8220; custom_padding__hover=&#8220;|||&#8220;][et_pb_image src=&#8220;https:\/\/kama-klebetechnik.de\/wp-content\/uploads\/2021\/02\/Lager-2-rotated.jpg&#8220; title_text=&#8220;Lager 2&#8243; show_bottom_space=&#8220;off&#8220; force_fullwidth=&#8220;on&#8220; align_tablet=&#8220;center&#8220; align_phone=&#8220;&#8220; align_last_edited=&#8220;on|desktop&#8220; _builder_version=&#8220;4.9.0&#8243; custom_margin=&#8220;|||&#8220; custom_margin_tablet=&#8220;|60px||60px&#8220; custom_margin_phone=&#8220;100px|||&#8220; custom_margin_last_edited=&#8220;on|tablet&#8220; custom_padding=&#8220;|||&#8220; box_shadow_style=&#8220;preset4&#8243; box_shadow_horizontal=&#8220;-80px&#8220; box_shadow_vertical=&#8220;-80px&#8220; box_shadow_color=&#8220;#f5f9fe&#8220; locked=&#8220;off&#8220;][\/et_pb_image][\/et_pb_column][et_pb_column type=&#8220;1_2&#8243; _builder_version=&#8220;3.25&#8243; custom_padding=&#8220;80px|10%||&#8220; custom_padding_tablet=&#8220;|||10%&#8220; custom_padding_phone=&#8220;&#8220; custom_padding_last_edited=&#8220;on|tablet&#8220; custom_padding__hover=&#8220;|||&#8220;][et_pb_text admin_label=&#8220;Title&#8220; _builder_version=&#8220;4.9.0&#8243; text_font=&#8220;||||||||&#8220; header_font=&#8220;||||||||&#8220; header_2_font=&#8220;Montserrat||||||||&#8220; header_2_font_size=&#8220;40px&#8220; header_2_line_height=&#8220;1.5em&#8220; custom_margin=&#8220;-95px||||false|false&#8220; custom_padding=&#8220;|||&#8220; header_2_font_size_tablet=&#8220;35px&#8220; header_2_font_size_phone=&#8220;35px&#8220; header_2_font_size_last_edited=&#8220;on|phone&#8220; header_2_line_height_tablet=&#8220;1em&#8220; header_2_line_height_phone=&#8220;1.4em&#8220; header_2_line_height_last_edited=&#8220;off|desktop&#8220; locked=&#8220;off&#8220;]<\/p>\n<h2>Top-Qualit\u00e4t seit mehr als 20 Jahren<\/h2>\n<p>[\/et_pb_text][et_pb_text admin_label=&#8220;Paragraph&#8220; _builder_version=&#8220;4.9.0&#8243; text_font=&#8220;Montserrat||||||||&#8220; text_font_size=&#8220;15px&#8220; text_line_height=&#8220;2.2em&#8220; header_font=&#8220;||||||||&#8220; custom_margin=&#8220;|||&#8220; locked=&#8220;off&#8220;]<\/p>\n<h3>Unsere Geschichte<\/h3>\n<p>Im Jahre 1997 wurde unsere Firma von Herrn Dietmar Grindinger, der grundlegendes Fachwissen aus der \u201eKlebebranche\u201c mitbrachte, gegr\u00fcndet. Seit dieser Zeit produziert KAMA Klebetechnik mittlerweile mit 10 Mitarbeitern Trennstreifen aus PE-Schaum, auch Dehnfugenband, Stuckband, Kellenschnittband oder Blendfugen-Dichtband genannt. Der TRENNFIX Papierstreifen erg\u00e4nzt diesen Bereich f\u00fcr den Stuck \u2013 Putz \u2013 Trockenbau.<\/p>\n<p>Im Jahre 2018 verkaufte der bisherige Inhaber und Gr\u00fcnder Dietmar Grindinger aus Altersgr\u00fcnden die Firma KAMA Klebetechnik an Andreas Hahn, wobei er uns nach wie vor mit seiner Erfahrung zur Verf\u00fcgung steht.<\/p>\n<p>Mit Erweiterung und Modernisierung des Maschinenparks sind die Weichen f\u00fcr weiteres Wachstum geschaffen worden.<\/p>\n<p>Unsere Firma ist nach wie vor ein flexibler, \u00fcberschaubarer und inhabergef\u00fchrter Familienbetrieb. Der Firmensitz befindet sich in Kauerndorf, Gemeinde K\u00f6dnitz, ca. 3 km von der \u201eBierstadt Kulmbach\u201c entfernt.<\/p>\n<p>F\u00fcr Informationen steht Ihnen Andreas Hahn sowie Heidi Hahn unter <br \/><a href=\"mailto\">kama-klebetechnik@t-online.de<\/a> oder telefonisch gerne zur Verf\u00fcgung.<\/p>\n<p>[\/et_pb_text][et_pb_text admin_label=&#8220;Paragraph&#8220; _builder_version=&#8220;4.9.0&#8243; text_font=&#8220;Montserrat||||||||&#8220; text_font_size=&#8220;15px&#8220; text_line_height=&#8220;2.2em&#8220; header_font=&#8220;||||||||&#8220; custom_margin=&#8220;|||&#8220; locked=&#8220;off&#8220;]<\/p>\n<h3>Unsere Produkte<\/h3>\n<p>Kerngesch\u00e4ft sind die nachfolgend genannten Produkte. Jedoch k\u00f6nnen wir Ihnen in allen Bereichen der Klebetechnik f\u00fcr den Trockenbau behilflich sein. Sprechen Sie uns an!<\/p>\n<p>[\/et_pb_text][et_pb_blurb title=&#8220;TRENNFIX&#8220; image=&#8220;https:\/\/kama-klebetechnik.de\/wp-content\/uploads\/2021\/02\/Check_Icon.jpg&#8220; icon_placement=&#8220;left&#8220; content_max_width=&#8220;100%&#8220; admin_label=&#8220;Service&#8220; _builder_version=&#8220;4.9.0&#8243; header_font=&#8220;Montserrat||||||||&#8220; header_text_color=&#8220;#5c6e7a&#8220; header_font_size=&#8220;15px&#8220; custom_margin=&#8220;||28px|||&#8220; custom_padding=&#8220;||1px|||&#8220; custom_padding_tablet=&#8220;||20px|&#8220; custom_padding_phone=&#8220;|||&#8220; custom_padding_last_edited=&#8220;off|desktop&#8220; locked=&#8220;off&#8220;][\/et_pb_blurb][et_pb_blurb title=&#8220;TRENNSTREIFEN&#8220; image=&#8220;https:\/\/kama-klebetechnik.de\/wp-content\/uploads\/2021\/02\/Check_Icon.jpg&#8220; icon_placement=&#8220;left&#8220; content_max_width=&#8220;100%&#8220; admin_label=&#8220;Service&#8220; _builder_version=&#8220;4.9.0&#8243; header_font=&#8220;Montserrat||||||||&#8220; header_text_color=&#8220;#5c6e7a&#8220; header_font_size=&#8220;15px&#8220; custom_margin=&#8220;||29px|||&#8220; custom_padding=&#8220;|||&#8220; custom_padding_tablet=&#8220;||20px|&#8220; custom_padding_phone=&#8220;|||&#8220; custom_padding_last_edited=&#8220;off|desktop&#8220; locked=&#8220;off&#8220;][\/et_pb_blurb][et_pb_blurb title=&#8220;DUO-TRENNSTREIFEN&#8220; image=&#8220;https:\/\/kama-klebetechnik.de\/wp-content\/uploads\/2021\/02\/Check_Icon.jpg&#8220; icon_placement=&#8220;left&#8220; content_max_width=&#8220;100%&#8220; admin_label=&#8220;Service&#8220; _builder_version=&#8220;4.9.0&#8243; header_font=&#8220;Montserrat||||||||&#8220; header_text_color=&#8220;#5c6e7a&#8220; header_font_size=&#8220;15px&#8220; custom_margin=&#8220;||29px|||&#8220; custom_padding=&#8220;|||&#8220; custom_padding_tablet=&#8220;||20px|&#8220; custom_padding_phone=&#8220;|||&#8220; custom_padding_last_edited=&#8220;off|desktop&#8220; locked=&#8220;off&#8220;][\/et_pb_blurb][et_pb_blurb title=&#8220;TRENNSTREIFEN %22Neu%22&#8243; image=&#8220;https:\/\/kama-klebetechnik.de\/wp-content\/uploads\/2021\/02\/Check_Icon.jpg&#8220; icon_placement=&#8220;left&#8220; content_max_width=&#8220;100%&#8220; admin_label=&#8220;Service&#8220; _builder_version=&#8220;4.9.0&#8243; header_font=&#8220;Montserrat||||||||&#8220; header_text_color=&#8220;#5c6e7a&#8220; header_font_size=&#8220;15px&#8220; custom_margin=&#8220;||29px|||&#8220; custom_padding=&#8220;|||&#8220; custom_padding_tablet=&#8220;||20px|&#8220; custom_padding_phone=&#8220;|||&#8220; custom_padding_last_edited=&#8220;off|desktop&#8220; locked=&#8220;off&#8220;][\/et_pb_blurb][et_pb_blurb title=&#8220;TRENNWANDBAND&#8220; image=&#8220;https:\/\/kama-klebetechnik.de\/wp-content\/uploads\/2021\/02\/Check_Icon.jpg&#8220; icon_placement=&#8220;left&#8220; content_max_width=&#8220;100%&#8220; admin_label=&#8220;Service&#8220; _builder_version=&#8220;4.9.0&#8243; header_font=&#8220;Montserrat||||||||&#8220; header_text_color=&#8220;#5c6e7a&#8220; header_font_size=&#8220;15px&#8220; custom_margin=&#8220;||30px|||&#8220; custom_padding=&#8220;|||&#8220; custom_padding_tablet=&#8220;||20px|&#8220; custom_padding_phone=&#8220;|||&#8220; custom_padding_last_edited=&#8220;off|desktop&#8220; locked=&#8220;off&#8220;][\/et_pb_blurb][et_pb_blurb title=&#8220;PAPIER-FUGENDECKSTREIFEN&#8220; image=&#8220;https:\/\/kama-klebetechnik.de\/wp-content\/uploads\/2021\/02\/Check_Icon.jpg&#8220; icon_placement=&#8220;left&#8220; content_max_width=&#8220;100%&#8220; admin_label=&#8220;Service&#8220; _builder_version=&#8220;4.9.0&#8243; header_font=&#8220;Montserrat||||||||&#8220; header_text_color=&#8220;#5c6e7a&#8220; header_font_size=&#8220;15px&#8220; custom_margin=&#8220;||30px|||&#8220; custom_padding=&#8220;|||&#8220; custom_padding_tablet=&#8220;||20px|&#8220; custom_padding_phone=&#8220;|||&#8220; custom_padding_last_edited=&#8220;off|desktop&#8220; locked=&#8220;off&#8220;][\/et_pb_blurb][\/et_pb_column][\/et_pb_row][\/et_pb_section][et_pb_section fb_built=&#8220;1&#8243; admin_label=&#8220;Members Section&#8220; _builder_version=&#8220;3.22&#8243; background_color=&#8220;#f2f6f9&#8243; custom_padding=&#8220;120px|0px|120px|0px&#8220;][et_pb_row admin_label=&#8220;Section Title Row&#8220; _builder_version=&#8220;3.25&#8243; custom_padding=&#8220;|||&#8220; border_color_bottom=&#8220;#e8e8e8&#8243;][et_pb_column type=&#8220;4_4&#8243; _builder_version=&#8220;3.25&#8243; custom_padding=&#8220;|||&#8220; custom_padding__hover=&#8220;|||&#8220;][et_pb_text admin_label=&#8220;Section Title&#8220; _builder_version=&#8220;4.9.0&#8243; text_font=&#8220;Montserrat||||||||&#8220; text_text_color=&#8220;#75848f&#8220; text_font_size=&#8220;18px&#8220; text_line_height=&#8220;1.8em&#8220; header_font=&#8220;||||||||&#8220; header_text_align=&#8220;center&#8220; header_line_height=&#8220;1.4em&#8220; header_2_font=&#8220;Montserrat||||||||&#8220; header_2_text_align=&#8220;center&#8220; header_2_font_size=&#8220;40px&#8220; header_2_line_height=&#8220;1.5em&#8220; text_orientation=&#8220;center&#8220; custom_margin=&#8220;|||&#8220; custom_padding=&#8220;|||&#8220; text_font_size_tablet=&#8220;16px&#8220; text_font_size_phone=&#8220;16px&#8220; text_font_size_last_edited=&#8220;on|desktop&#8220; header_2_font_size_tablet=&#8220;35px&#8220; header_2_font_size_phone=&#8220;35px&#8220; header_2_font_size_last_edited=&#8220;on|phone&#8220;]<\/p>\n<h2>Unser Team<\/h2>\n<p>&nbsp;<\/p>\n<p>[\/et_pb_text][\/et_pb_column][\/et_pb_row][et_pb_row column_structure=&#8220;1_2,1_2&#8243; admin_label=&#8220;Members Row&#8220; _builder_version=&#8220;3.25&#8243; custom_padding=&#8220;|||&#8220;][et_pb_column type=&#8220;1_2&#8243; _builder_version=&#8220;3.25&#8243; custom_padding=&#8220;|||&#8220; custom_padding__hover=&#8220;|||&#8220;][et_pb_blurb title=&#8220;Andreas Hahn&#8220; image=&#8220;https:\/\/kama-klebetechnik.de\/wp-content\/uploads\/2021\/05\/Andreas-Hahn-450-600-Ausschnitt.jpg&#8220; content_max_width=&#8220;431px&#8220; _builder_version=&#8220;4.9.0&#8243; header_font=&#8220;Montserrat||||||||&#8220; header_line_height=&#8220;1.5em&#8220; body_font=&#8220;Montserrat||||||||&#8220; custom_padding=&#8220;|||&#8220; filter_saturate=&#8220;79%&#8220; filter_sepia=&#8220;6%&#8220;]<\/p>\n<p>Inhaber\/Vertrieb<\/p>\n<p>[\/et_pb_blurb][\/et_pb_column][et_pb_column type=&#8220;1_2&#8243; _builder_version=&#8220;3.25&#8243; custom_padding=&#8220;|||&#8220; custom_padding__hover=&#8220;|||&#8220;][et_pb_blurb title=&#8220;Heidi Hahn&#8220; image=&#8220;https:\/\/kama-klebetechnik.de\/wp-content\/uploads\/2021\/04\/Heidi-Hahn-EV-450-x-600.jpg&#8220; content_max_width=&#8220;431px&#8220; admin_label=&#8220;Member&#8220; _builder_version=&#8220;4.9.0&#8243; header_font=&#8220;Montserrat||||||||&#8220; header_line_height=&#8220;1.5em&#8220; body_font=&#8220;Montserrat||||||||&#8220; custom_padding=&#8220;||0px|||&#8220; filter_saturate=&#8220;79%&#8220; filter_sepia=&#8220;6%&#8220;]<\/p>\n<p>Buchhaltung\/Vertrieb<\/p>\n<p>[\/et_pb_blurb][\/et_pb_column][\/et_pb_row][\/et_pb_section][et_pb_section fb_built=&#8220;1&#8243; admin_label=&#8220;Footer Section&#8220; _builder_version=&#8220;4.8.2&#8243; use_background_color_gradient=&#8220;on&#8220; background_color_gradient_start=&#8220;rgba(20,61,88,0.65)&#8220; background_color_gradient_end=&#8220;#143d58&#8243; background_color_gradient_overlays_image=&#8220;on&#8220; background_image=&#8220;https:\/\/kama-klebetechnik.de\/wp-content\/uploads\/2021\/02\/Lager-1-rotated-e1613496898813.jpg&#8220; custom_margin=&#8220;|||&#8220; custom_padding=&#8220;8vw|0px|8vw|0px&#8220; bottom_divider_style=&#8220;mountains2&#8243; bottom_divider_color=&#8220;rgba(5,41,66,0.3)&#8220; bottom_divider_height=&#8220;50%&#8220; animation_style=&#8220;slide&#8220; animation_direction=&#8220;bottom&#8220; animation_intensity_slide=&#8220;6%&#8220; animation_starting_opacity=&#8220;100%&#8220; saved_tabs=&#8220;all&#8220;][et_pb_row admin_label=&#8220;Footer Row&#8220; _builder_version=&#8220;3.25&#8243; custom_padding=&#8220;|||&#8220;][et_pb_column type=&#8220;4_4&#8243; _builder_version=&#8220;3.25&#8243; custom_padding=&#8220;|||&#8220; custom_padding__hover=&#8220;|||&#8220;][et_pb_text admin_label=&#8220;Title&#8220; _builder_version=&#8220;4.9.10&#8243; text_font=&#8220;Montserrat||||||||&#8220; text_text_color=&#8220;#a4bccb&#8220; text_font_size=&#8220;20px&#8220; text_line_height=&#8220;1.5em&#8220; header_font=&#8220;||||||||&#8220; header_2_font=&#8220;Montserrat||||||||&#8220; header_2_text_align=&#8220;center&#8220; header_2_line_height=&#8220;1.5em&#8220; header_3_font=&#8220;Montserrat|500|||||||&#8220; header_3_text_align=&#8220;center&#8220; header_3_font_size=&#8220;55px&#8220; header_3_line_height=&#8220;1.5em&#8220; text_orientation=&#8220;center&#8220; background_layout=&#8220;dark&#8220; max_width=&#8220;700px&#8220; module_alignment=&#8220;center&#8220; custom_margin=&#8220;||0px|&#8220; hover_enabled=&#8220;0&#8243; header_3_font_size_tablet=&#8220;60px&#8220; header_3_font_size_phone=&#8220;52px&#8220; header_3_font_size_last_edited=&#8220;on|tablet&#8220; sticky_enabled=&#8220;0&#8243;]<\/p>\n<h2>KAMA Klebetechnik<\/h2>\n<h3>Eine sichere Ver&shy;bin&shy;dung<\/h3>\n<p>[\/et_pb_text][\/et_pb_column][\/et_pb_row][et_pb_row admin_label=&#8220;CTA Row&#8220; _builder_version=&#8220;3.25&#8243; custom_padding=&#8220;|||&#8220;][et_pb_column type=&#8220;4_4&#8243; _builder_version=&#8220;3.25&#8243; custom_padding=&#8220;|||&#8220; custom_padding__hover=&#8220;|||&#8220;][et_pb_blurb title=&#8220;Rufen Sie uns an&#8220; image=&#8220;https:\/\/kama-klebetechnik.de\/wp-content\/uploads\/2021\/02\/Call_icon.png&#8220; admin_label=&#8220;CTA&#8220; _builder_version=&#8220;4.8.2&#8243; header_font=&#8220;Montserrat||||||||&#8220; header_text_color=&#8220;#a4bccb&#8220; header_font_size=&#8220;20px&#8220; header_line_height=&#8220;1.5em&#8220; body_font=&#8220;Montserrat|500|||||||&#8220; body_text_align=&#8220;center&#8220; body_font_size=&#8220;30px&#8220; text_orientation=&#8220;center&#8220; background_layout=&#8220;dark&#8220; animation=&#8220;off&#8220;]<\/p>\n<p><a href=\"callto:\">+49 (9221) 879596<\/a><\/p>\n<p>oder<\/p>\n<p>[\/et_pb_blurb][et_pb_button button_url=&#8220;https:\/\/kama-klebetechnik.de\/?page_id=58&#8243; button_text=&#8220;Zur Anfrage&#8220; button_alignment=&#8220;center&#8220; admin_label=&#8220;CTA Button&#8220; _builder_version=&#8220;4.9.0&#8243; custom_button=&#8220;on&#8220; button_text_size=&#8220;14px&#8220; button_text_color=&#8220;#ffffff&#8220; button_bg_color=&#8220;#f6961b&#8220; button_border_width=&#8220;12px&#8220; button_border_color=&#8220;#f6961b&#8220; button_border_radius=&#8220;2px&#8220; button_letter_spacing=&#8220;0px&#8220; button_font=&#8220;Montserrat|700||on|||||&#8220; custom_margin=&#8220;30px|||&#8220; custom_padding=&#8220;|||&#8220; button_border_radius_hover=&#8220;4px&#8220; locked=&#8220;off&#8220; button_text_size__hover_enabled=&#8220;off&#8220; button_one_text_size__hover_enabled=&#8220;off&#8220; button_two_text_size__hover_enabled=&#8220;off&#8220; button_text_color__hover_enabled=&#8220;off&#8220; button_one_text_color__hover_enabled=&#8220;off&#8220; button_two_text_color__hover_enabled=&#8220;off&#8220; button_border_width__hover_enabled=&#8220;off&#8220; button_one_border_width__hover_enabled=&#8220;off&#8220; button_two_border_width__hover_enabled=&#8220;off&#8220; button_border_color__hover_enabled=&#8220;off&#8220; button_one_border_color__hover_enabled=&#8220;off&#8220; button_two_border_color__hover_enabled=&#8220;off&#8220; button_border_radius__hover_enabled=&#8220;on&#8220; button_border_radius__hover=&#8220;4px&#8220; button_one_border_radius__hover_enabled=&#8220;off&#8220; button_two_border_radius__hover_enabled=&#8220;off&#8220; button_letter_spacing__hover_enabled=&#8220;off&#8220; button_one_letter_spacing__hover_enabled=&#8220;off&#8220; button_two_letter_spacing__hover_enabled=&#8220;off&#8220; button_bg_color__hover_enabled=&#8220;off&#8220; button_one_bg_color__hover_enabled=&#8220;off&#8220; button_two_bg_color__hover_enabled=&#8220;off&#8220;][\/et_pb_button][\/et_pb_column][\/et_pb_row][\/et_pb_section]<\/p>\n","protected":false},"excerpt":{"rendered":"<p>\u00dcber uns Geschichte. Trennstreifen. Service seit 2000.Inhaber&#8220;Zufriedene Kunden sind uns sehr wichtig. Deswegen legen wir Wert auf Qualit\u00e4t und Zuverl\u00e4ssigkeit. Seit mehr als 20 Jahren sind wir Partner f\u00fcr den Bereich Maler \u2013 Stuck und Trockenbau!&#8220;Top-Qualit\u00e4t seit mehr als 20 JahrenUnsere Geschichte Im Jahre 1997 wurde unsere Firma von Herrn Dietmar Grindinger, der grundlegendes Fachwissen [&hellip;]<\/p>\n","protected":false},"author":2,"featured_media":0,"parent":0,"menu_order":0,"comment_status":"closed","ping_status":"closed","template":"","meta":{"_et_pb_use_builder":"on","_et_pb_old_content":"","_et_gb_content_width":"","footnotes":""},"class_list":["post-31","page","type-page","status-publish","hentry"],"_links":{"self":[{"href":"https:\/\/kama-klebetechnik.de\/index.php?rest_route=\/wp\/v2\/pages\/31","targetHints":{"allow":["GET"]}}],"collection":[{"href":"https:\/\/kama-klebetechnik.de\/index.php?rest_route=\/wp\/v2\/pages"}],"about":[{"href":"https:\/\/kama-klebetechnik.de\/index.php?rest_route=\/wp\/v2\/types\/page"}],"author":[{"embeddable":true,"href":"https:\/\/kama-klebetechnik.de\/index.php?rest_route=\/wp\/v2\/users\/2"}],"replies":[{"embeddable":true,"href":"https:\/\/kama-klebetechnik.de\/index.php?rest_route=%2Fwp%2Fv2%2Fcomments&post=31"}],"version-history":[{"count":26,"href":"https:\/\/kama-klebetechnik.de\/index.php?rest_route=\/wp\/v2\/pages\/31\/revisions"}],"predecessor-version":[{"id":622,"href":"https:\/\/kama-klebetechnik.de\/index.php?rest_route=\/wp\/v2\/pages\/31\/revisions\/622"}],"wp:attachment":[{"href":"https:\/\/kama-klebetechnik.de\/index.php?rest_route=%2Fwp%2Fv2%2Fmedia&parent=31"}],"curies":[{"name":"wp","href":"https:\/\/api.w.org\/{rel}","templated":true}]}}